{"id":608,"date":"2024-02-11T20:22:08","date_gmt":"2024-02-11T20:22:08","guid":{"rendered":"https:\/\/gladysfleurs.be\/?page_id=608"},"modified":"2024-02-11T21:30:49","modified_gmt":"2024-02-11T21:30:49","slug":"abonnements","status":"publish","type":"page","link":"https:\/\/gladysfleurs.be\/en\/abonnements\/","title":{"rendered":"Subscriptions"},"content":{"rendered":"<div class=\"wp-block-uagb-advanced-heading uagb-block-ba07423a\"><h1 class=\"uagb-heading-text\">Subscriptions<\/h1><\/div>\n\n\n\n<p class=\"has-medium-font-size\">Envie d&rsquo;am\u00e9liorer le bien-\u00eatre de vos collaborateurs? Faites livrer des fleurs et des plantes au si\u00e8ge de votre entreprise avec notre abonnements!<\/p>\n\n\n\n<p><\/p>\n\n\n\n<p><\/p>\n\n\n\n<p><\/p>\n\n\n\n<p class=\"has-medium-font-size\">Gladys fleurs offers the following subscriptions:<\/p>\n\n\n\n<div class=\"wp-block-uagb-icon-list uagb-block-cbaf2b90\"><div class=\"uagb-icon-list__wrap\">\n<div class=\"wp-block-uagb-icon-list-child uagb-block-bdaecb48\"><span class=\"uagb-icon-list__source-wrap\"><svg xmlns=\"https:\/\/www.w3.org\/2000\/svg\" viewbox=\"0 0 512 512\"><path d=\"M512 165.4c0 127.9-70.05 235.3-175.3 270.1c-20.04 7.938-41.83 12.46-64.69 12.46c-64.9 0-125.2-36.51-155.7-94.47c-54.13 49.93-68.71 107-68.96 108.1C44.72 472.6 34.87 480 24.02 480c-1.844 0-3.727-.2187-5.602-.6562c-12.89-3.098-20.84-16.08-17.75-28.96c9.598-39.5 90.47-226.4 335.3-226.4C344.8 224 352 216.8 352 208S344.8 192 336 192C228.6 192 151 226.6 96.29 267.6c.1934-10.82 1.242-21.84 3.535-33.05c13.47-65.81 66.04-119 131.4-134.2c28.33-6.562 55.68-6.013 80.93-.0054c56 13.32 118.2-7.412 149.3-61.24c5.664-9.828 20.02-9.516 24.66 .8282C502.7 76.76 512 121.9 512 165.4z\"><\/path><\/svg><\/span><span class=\"uagb-icon-list__label\">Flower arrangements<\/span><\/div>\n\n\n\n<div class=\"wp-block-uagb-icon-list-child uagb-block-7f9c3602\"><span class=\"uagb-icon-list__source-wrap\"><svg xmlns=\"https:\/\/www.w3.org\/2000\/svg\" viewbox=\"0 0 512 512\"><path d=\"M512 165.4c0 127.9-70.05 235.3-175.3 270.1c-20.04 7.938-41.83 12.46-64.69 12.46c-64.9 0-125.2-36.51-155.7-94.47c-54.13 49.93-68.71 107-68.96 108.1C44.72 472.6 34.87 480 24.02 480c-1.844 0-3.727-.2187-5.602-.6562c-12.89-3.098-20.84-16.08-17.75-28.96c9.598-39.5 90.47-226.4 335.3-226.4C344.8 224 352 216.8 352 208S344.8 192 336 192C228.6 192 151 226.6 96.29 267.6c.1934-10.82 1.242-21.84 3.535-33.05c13.47-65.81 66.04-119 131.4-134.2c28.33-6.562 55.68-6.013 80.93-.0054c56 13.32 118.2-7.412 149.3-61.24c5.664-9.828 20.02-9.516 24.66 .8282C502.7 76.76 512 121.9 512 165.4z\"><\/path><\/svg><\/span><span class=\"uagb-icon-list__label\">Orchids in vase<\/span><\/div>\n\n\n\n<div class=\"wp-block-uagb-icon-list-child uagb-block-073401c1\"><span class=\"uagb-icon-list__source-wrap\"><svg xmlns=\"https:\/\/www.w3.org\/2000\/svg\" viewbox=\"0 0 512 512\"><path d=\"M512 165.4c0 127.9-70.05 235.3-175.3 270.1c-20.04 7.938-41.83 12.46-64.69 12.46c-64.9 0-125.2-36.51-155.7-94.47c-54.13 49.93-68.71 107-68.96 108.1C44.72 472.6 34.87 480 24.02 480c-1.844 0-3.727-.2187-5.602-.6562c-12.89-3.098-20.84-16.08-17.75-28.96c9.598-39.5 90.47-226.4 335.3-226.4C344.8 224 352 216.8 352 208S344.8 192 336 192C228.6 192 151 226.6 96.29 267.6c.1934-10.82 1.242-21.84 3.535-33.05c13.47-65.81 66.04-119 131.4-134.2c28.33-6.562 55.68-6.013 80.93-.0054c56 13.32 118.2-7.412 149.3-61.24c5.664-9.828 20.02-9.516 24.66 .8282C502.7 76.76 512 121.9 512 165.4z\"><\/path><\/svg><\/span><span class=\"uagb-icon-list__label\">Bouquets<\/span><\/div>\n\n\n\n<div class=\"wp-block-uagb-icon-list-child uagb-block-e3977b42\"><span class=\"uagb-icon-list__source-wrap\"><svg xmlns=\"https:\/\/www.w3.org\/2000\/svg\" viewbox=\"0 0 512 512\"><path d=\"M512 165.4c0 127.9-70.05 235.3-175.3 270.1c-20.04 7.938-41.83 12.46-64.69 12.46c-64.9 0-125.2-36.51-155.7-94.47c-54.13 49.93-68.71 107-68.96 108.1C44.72 472.6 34.87 480 24.02 480c-1.844 0-3.727-.2187-5.602-.6562c-12.89-3.098-20.84-16.08-17.75-28.96c9.598-39.5 90.47-226.4 335.3-226.4C344.8 224 352 216.8 352 208S344.8 192 336 192C228.6 192 151 226.6 96.29 267.6c.1934-10.82 1.242-21.84 3.535-33.05c13.47-65.81 66.04-119 131.4-134.2c28.33-6.562 55.68-6.013 80.93-.0054c56 13.32 118.2-7.412 149.3-61.24c5.664-9.828 20.02-9.516 24.66 .8282C502.7 76.76 512 121.9 512 165.4z\"><\/path><\/svg><\/span><span class=\"uagb-icon-list__label\">Plants<\/span><\/div>\n<\/div><\/div>\n\n\n\n<div class=\"wp-block-uagb-image uagb-block-f9cfc440 wp-block-uagb-image--layout-default wp-block-uagb-image--effect-static wp-block-uagb-image--align-none\"><figure class=\"wp-block-uagb-image__figure\"><img loading=\"lazy\" decoding=\"async\" srcset=\"https:\/\/gladysfleurs.be\/wp-content\/uploads\/2024\/02\/2.jpeg ,https:\/\/gladysfleurs.be\/wp-content\/uploads\/2024\/02\/2.jpeg 780w, https:\/\/gladysfleurs.be\/wp-content\/uploads\/2024\/02\/2.jpeg 360w\" sizes=\"auto, (max-width: 480px) 150px\" src=\"https:\/\/gladysfleurs.be\/wp-content\/uploads\/2024\/02\/2.jpeg\" alt=\"\" class=\"uag-image-301\" width=\"1024\" height=\"768\" title=\"\"\/><\/figure><\/div>\n\n\n\n<div class=\"wp-block-uagb-info-box uagb-block-af1468a9 uagb-infobox__content-wrap  uagb-infobox-icon-above-title uagb-infobox-image-valign-top\"><div class=\"uagb-ifb-content\"><div class=\"uagb-ifb-icon-wrap\"><div class=\"uagb-iconbox-icon-wrap uagb-infobox-shape-circle\"><svg xmlns=\"https:\/\/www.w3.org\/2000\/svg\" viewbox=\"0 0 512 512\"><path d=\"M362.7 19.32C387.7-5.678 428.3-5.678 453.3 19.32L492.7 58.75C517.7 83.74 517.7 124.3 492.7 149.3L444.3 197.7L314.3 67.72L362.7 19.32zM421.7 220.3L188.5 453.4C178.1 463.8 165.2 471.5 151.1 475.6L30.77 511C22.35 513.5 13.24 511.2 7.03 504.1C.8198 498.8-1.502 489.7 .976 481.2L36.37 360.9C40.53 346.8 48.16 333.9 58.57 323.5L291.7 90.34L421.7 220.3z\"><\/path><\/svg><\/div><\/div><div class=\"uagb-ifb-title-wrap\"><h2 class=\"uagb-ifb-title\">Fill out the form or set up an appointment at your office<\/h2><\/div><div class=\"uagb-ifb-separator\"><\/div><p class=\"uagb-ifb-desc\">To define the specifics of each place to flower or plant, your preferences and requirements for our florists to customize the floral creations that you  receive.<\/p><\/div><\/div>\n\n\n\n<div class=\"wp-block-uagb-info-box uagb-block-753da4ce uagb-infobox__content-wrap  uagb-infobox-icon-above-title uagb-infobox-image-valign-top\"><div class=\"uagb-ifb-content\"><div class=\"uagb-ifb-icon-wrap\"><div class=\"uagb-iconbox-icon-wrap uagb-infobox-shape-circle\"><svg xmlns=\"https:\/\/www.w3.org\/2000\/svg\" viewbox=\"0 0 448 512\"><path d=\"M160 32V64H288V32C288 14.33 302.3 0 320 0C337.7 0 352 14.33 352 32V64H400C426.5 64 448 85.49 448 112V160H0V112C0 85.49 21.49 64 48 64H96V32C96 14.33 110.3 0 128 0C145.7 0 160 14.33 160 32zM0 192H448V464C448 490.5 426.5 512 400 512H48C21.49 512 0 490.5 0 464V192zM64 304C64 312.8 71.16 320 80 320H112C120.8 320 128 312.8 128 304V272C128 263.2 120.8 256 112 256H80C71.16 256 64 263.2 64 272V304zM192 304C192 312.8 199.2 320 208 320H240C248.8 320 256 312.8 256 304V272C256 263.2 248.8 256 240 256H208C199.2 256 192 263.2 192 272V304zM336 256C327.2 256 320 263.2 320 272V304C320 312.8 327.2 320 336 320H368C376.8 320 384 312.8 384 304V272C384 263.2 376.8 256 368 256H336zM64 432C64 440.8 71.16 448 80 448H112C120.8 448 128 440.8 128 432V400C128 391.2 120.8 384 112 384H80C71.16 384 64 391.2 64 400V432zM208 384C199.2 384 192 391.2 192 400V432C192 440.8 199.2 448 208 448H240C248.8 448 256 440.8 256 432V400C256 391.2 248.8 384 240 384H208zM320 432C320 440.8 327.2 448 336 448H368C376.8 448 384 440.8 384 432V400C384 391.2 376.8 384 368 384H336C327.2 384 320 391.2 320 400V432z\"><\/path><\/svg><\/div><\/div><div class=\"uagb-ifb-title-wrap\"><h2 class=\"uagb-ifb-title\">Duration of the subscription<\/h2><\/div><div class=\"uagb-ifb-separator\"><\/div><p class=\"uagb-ifb-desc\">You determine the duration of your subscription. You decide how often and when we deliver your subscription according to your budget and needs.<\/p><\/div><\/div>\n\n\n\n<p><\/p>\n\n\n\n<p><\/p>\n\n\n\n<p><\/p>\n\n\n\n<p><\/p>\n\n\n\n<p><\/p>\n\n\n\n<p><\/p>\n\n\n\n<div class=\"wp-block-uagb-info-box uagb-block-13f33c4f uagb-infobox__content-wrap  uagb-infobox-icon-above-title uagb-infobox-image-valign-top\"><div class=\"uagb-ifb-content\"><div class=\"uagb-ifb-icon-wrap\"><div class=\"uagb-iconbox-icon-wrap uagb-infobox-shape-circle\"><svg xmlns=\"https:\/\/www.w3.org\/2000\/svg\" viewbox=\"0 0 576 512\"><path d=\"M275.2 250.5c7 7.375 18.5 7.375 25.5 0l108.1-114.2c31.5-33.12 29.72-88.1-5.65-118.7c-30.88-26.75-76.75-21.9-104.9 7.724L287.1 36.91L276.8 25.28C248.7-4.345 202.7-9.194 171.1 17.56C136.7 48.18 134.7 103.2 166.4 136.3L275.2 250.5zM568.2 336.3c-13.12-17.81-38.14-21.66-55.93-8.469l-119.7 88.17h-120.6c-8.748 0-15.1-7.25-15.1-15.1c0-8.746 7.25-15.1 15.1-15.1h78.25c15.1 0 30.75-10.87 33.37-26.62c3.25-19.1-12.12-37.37-31.62-37.37H191.1c-26.1 0-53.12 9.25-74.12 26.25l-46.5 37.74l-55.37-.0253c-8.748 0-15.1 7.275-15.1 16.02L.0001 496C.0001 504.8 7.251 512 15.1 512h346.1c22.03 0 43.92-7.187 61.7-20.28l135.1-99.51C577.5 379.1 581.3 354.1 568.2 336.3z\"><\/path><\/svg><\/div><\/div><div class=\"uagb-ifb-title-wrap\"><h2 class=\"uagb-ifb-title\">Tailor-made floral design<\/h2><\/div><div class=\"uagb-ifb-separator\"><\/div><p class=\"uagb-ifb-desc\">The creation of your flower arrangements by our florists in accordance with your business style and your environment.<\/p><\/div><\/div>\n\n\n\n<p><\/p>\n\n\n\n<p><\/p>\n\n\n\n<p><\/p>\n\n\n\n<p><\/p>\n\n\n\n<p><\/p>\n\n\n\n<div class=\"wp-block-uagb-info-box uagb-block-58748509 uagb-infobox__content-wrap  uagb-infobox-icon-above-title uagb-infobox-image-valign-top\"><div class=\"uagb-ifb-content\"><div class=\"uagb-ifb-icon-wrap\"><div class=\"uagb-iconbox-icon-wrap uagb-infobox-shape-circle\"><svg xmlns=\"https:\/\/www.w3.org\/2000\/svg\" viewbox=\"0 0 640 512\"><path d=\"M592 384H576C576 437 533 480 480 480C426.1 480 384 437 384 384H256C256 437 213 480 160 480C106.1 480 64 437 64 384H48C21.49 384 0 362.5 0 336V104C0 64.24 32.24 32 72 32H465.1C483.1 32 501.9 40.34 514.1 54.78L624.1 186.5C634.7 197.1 640 212.6 640 227.7V336C640 362.5 618.5 384 592 384zM64 192H160V96H72C67.58 96 64 99.58 64 104V192zM545.1 192L465.1 96H384V192H545.1zM320 192V96H224V192H320zM480 336C453.5 336 432 357.5 432 384C432 410.5 453.5 432 480 432C506.5 432 528 410.5 528 384C528 357.5 506.5 336 480 336zM160 432C186.5 432 208 410.5 208 384C208 357.5 186.5 336 160 336C133.5 336 112 357.5 112 384C112 410.5 133.5 432 160 432z\"><\/path><\/svg><\/div><\/div><div class=\"uagb-ifb-title-wrap\"><h2 class=\"uagb-ifb-title\">Delivery and pick up<\/h2><\/div><div class=\"uagb-ifb-separator\"><\/div><p class=\"uagb-ifb-desc\">Vos abonnements seront exp\u00e9di\u00e9s \u00e0 l&rsquo;adresse de livraison avec leur contenant sur place \u00e0 chaque fois. R\u00e9cup\u00e9ration de la cr\u00e9ation florale lorsqu&rsquo;elle est remplac\u00e9e par un autre bouquet ou composition florale de l&rsquo;abonnement.<\/p><\/div><\/div>\n\n\n\n<p><\/p>\n\n\n\n<p><\/p>\n\n\n\n<div class=\"wp-block-uagb-info-box uagb-block-2e9ef8c9 uagb-infobox__content-wrap  uagb-infobox-icon-above-title uagb-infobox-image-valign-top\"><div class=\"uagb-ifb-content\"><div class=\"uagb-ifb-icon-wrap\"><div class=\"uagb-iconbox-icon-wrap uagb-infobox-shape-circle\"><svg xmlns=\"https:\/\/www.w3.org\/2000\/svg\" viewbox=\"0 0 512 512\"><path d=\"M320 336c0 8.844-7.156 16-16 16h-96C199.2 352 192 344.8 192 336V288H0v144C0 457.6 22.41 480 48 480h416c25.59 0 48-22.41 48-48V288h-192V336zM464 96H384V48C384 22.41 361.6 0 336 0h-160C150.4 0 128 22.41 128 48V96H48C22.41 96 0 118.4 0 144V256h512V144C512 118.4 489.6 96 464 96zM336 96h-160V48h160V96z\"><\/path><\/svg><\/div><\/div><div class=\"uagb-ifb-title-wrap\"><h2 class=\"uagb-ifb-title\">Plants at your office<\/h2><\/div><div class=\"uagb-ifb-separator\"><\/div><p class=\"uagb-ifb-desc\">Gladys fleurs offers high quality green plants for your office, contributing to a healthier and more beautiful working environment.<br>Avec notre service d&rsquo;entretien inclus et notre garantie v\u00e9g\u00e9tale de remplacement, nous assurons une exp\u00e9rience de bien-\u00eatre en entreprise sans souci.<br>Contact us to boost productivity and creativity in your office.<\/p><\/div><\/div>\n\n\n\n<p style=\"margin-top:var(--wp--preset--spacing--60);margin-bottom:var(--wp--preset--spacing--60)\"><\/p>\n\n\n\n<p><\/p>\n\n\n\n<p><\/p>\n\n\n\n<p><\/p>\n\n\n\n<p style=\"margin-top:var(--wp--preset--spacing--80);margin-bottom:var(--wp--preset--spacing--80)\"><\/p>\n\n\n\n<p><\/p>\n\n\n\n<p><\/p>\n\n\n\n<div class=\"wp-block-uagb-advanced-heading uagb-block-818679b6\"><h5 class=\"uagb-heading-text\">Formulaire demande d&rsquo;abonnement<\/h5><div class=\"uagb-separator\"><\/div><\/div>\n\n\n\n<div class=\"wp-block-uagb-forms uagb-forms__outer-wrap uagb-block-4cc15597 uagb-forms__medium-btn\"><form class=\"uagb-forms-main-form\" method=\"post\" autocomplete=\"on\" name=\"uagb-form-4cc15597\" action=\"\">\n<div class=\"wp-block-uagb-forms-name uagb-forms-name-wrap uagb-forms-field-set uagb-block-d6525a47\"><div class=\"uagb-forms-name-label required uagb-forms-input-label\" id=\"d6525a47\">First and last name<\/div><input type=\"text\" placeholder=\"\" required class=\"uagb-forms-name-input uagb-forms-input\" name=\"d6525a47\" autocomplete=\"name\"\/><\/div>\n\n\n\n<div class=\"wp-block-uagb-forms-name uagb-forms-name-wrap uagb-forms-field-set uagb-block-006e57c4\"><div class=\"uagb-forms-name-label required uagb-forms-input-label\" id=\"006e57c4\">Address<\/div><input type=\"text\" placeholder=\"\" required class=\"uagb-forms-name-input uagb-forms-input\" name=\"006e57c4\" autocomplete=\"name\"\/><\/div>\n\n\n\n<div class=\"wp-block-uagb-forms-name uagb-forms-name-wrap uagb-forms-field-set uagb-block-a278fdc1\"><div class=\"uagb-forms-name-label  uagb-forms-input-label\" id=\"a278fdc1\">Nom de l&rsquo;entreprise<\/div><input type=\"text\" placeholder=\"\" class=\"uagb-forms-name-input uagb-forms-input\" name=\"a278fdc1\" autocomplete=\"name\"\/><\/div>\n\n\n\n<div class=\"wp-block-uagb-forms-name uagb-forms-name-wrap uagb-forms-field-set uagb-block-1f5c91ef\"><div class=\"uagb-forms-name-label  uagb-forms-input-label\" id=\"1f5c91ef\">VAT number<\/div><input type=\"text\" placeholder=\"\" class=\"uagb-forms-name-input uagb-forms-input\" name=\"1f5c91ef\" autocomplete=\"name\"\/><\/div>\n\n\n\n<div class=\"wp-block-uagb-forms-email uagb-forms-email-wrap uagb-forms-field-set uagb-block-c4b4fb0b\"><div class=\"uagb-forms-email-label required uagb-forms-input-label\" id=\"c4b4fb0b\">E-mail<\/div><input type=\"email\" class=\"uagb-forms-email-input uagb-forms-input\" placeholder=\"\" required name=\"c4b4fb0b\" autocomplete=\"email\"\/><\/div>\n\n\n\n<div class=\"wp-block-uagb-forms-name uagb-forms-name-wrap uagb-forms-field-set uagb-block-ed826c6d\"><div class=\"uagb-forms-name-label  uagb-forms-input-label\" id=\"ed826c6d\">Phone<\/div><input type=\"text\" placeholder=\"\" class=\"uagb-forms-name-input uagb-forms-input\" name=\"ed826c6d\" autocomplete=\"name\"\/><\/div>\n\n\n\n<div class=\"wp-block-uagb-forms-name uagb-forms-name-wrap uagb-forms-field-set uagb-block-fb157600\"><div class=\"uagb-forms-name-label  uagb-forms-input-label\" id=\"fb157600\">Approximate budget (\u20ac)<\/div><input type=\"text\" placeholder=\"\" class=\"uagb-forms-name-input uagb-forms-input\" name=\"fb157600\" autocomplete=\"name\"\/><\/div>\n\n\n\n<div class=\"wp-block-uagb-forms-radio uagb-forms-radio-wrap uagb-forms-field-set uagb-block-2732a777\"><div class=\"uagb-forms-radio-label required uagb-forms-input-label\" id=\"2732a777\">Type de l&rsquo;abonnement<\/div><input type=\"radio\" id=\"radio-bouquet(s)-avec-vase(s)-2732a777\" name=\"2732a777\" value=\"Bouquet(s) avec vase(s)\" required class=\"round\"\/><label for=\"radio-bouquet(s)-avec-vase(s)-2732a777\">Bouquet(s) with vase(s)<\/label><br\/><input type=\"radio\" id=\"radio-coupe(s)-d'orchid\u00e9es-plusieurs-tiges-et-cache-pot-2732a777\" name=\"2732a777\" value=\"coupe(s) d'orchid\u00e9es plusieurs tiges et cache pot\" required class=\"round\"\/><label for=\"radio-coupe(s)-d'orchid\u00e9es-plusieurs-tiges-et-cache-pot-2732a777\">coupe(s) d&rsquo;orchid\u00e9es plusieurs tiges et cache pot<\/label><br\/><input type=\"radio\" id=\"radio-arrangements-de-fleurs-2732a777\" name=\"2732a777\" value=\"Arrangements de fleurs\" required class=\"round\"\/><label for=\"radio-arrangements-de-fleurs-2732a777\">Our flower arrangements<\/label><br\/><input type=\"radio\" id=\"radio-plante(s)-2732a777\" name=\"2732a777\" value=\"Plante(s)\" required class=\"round\"\/><label for=\"radio-plante(s)-2732a777\">Plant(s)<\/label><br\/><\/div>\n\n\n\n<div class=\"wp-block-uagb-forms-radio uagb-forms-radio-wrap uagb-forms-field-set uagb-block-3566d507\"><div class=\"uagb-forms-radio-label required uagb-forms-input-label\" id=\"3566d507\">Your subscription frequency<\/div><input type=\"radio\" id=\"radio-chaque-semaine-3566d507\" name=\"3566d507\" value=\"Chaque semaine\" required class=\"round\"\/><label for=\"radio-chaque-semaine-3566d507\">Every week<\/label><br\/><input type=\"radio\" id=\"radio-chaque-2-semaine-3566d507\" name=\"3566d507\" value=\"Chaque 2 semaine\" required class=\"round\"\/><label for=\"radio-chaque-2-semaine-3566d507\">Every 2 weeks<\/label><br\/><input type=\"radio\" id=\"radio-une-fois-par-mois-3566d507\" name=\"3566d507\" value=\"Une fois par mois\" required class=\"round\"\/><label for=\"radio-une-fois-par-mois-3566d507\">Once a month<\/label><br\/><input type=\"radio\" id=\"radio-flexible-3566d507\" name=\"3566d507\" value=\"Flexible\" required class=\"round\"\/><label for=\"radio-flexible-3566d507\">Flexible<\/label><br\/><\/div>\n\n\n\n<div class=\"wp-block-uagb-forms-radio uagb-forms-radio-wrap uagb-forms-field-set uagb-block-80c6f846\"><div class=\"uagb-forms-radio-label required uagb-forms-input-label\" id=\"80c6f846\">La dur\u00e9e de l&rsquo;abonnement<\/div><input type=\"radio\" id=\"radio-3-mois-80c6f846\" name=\"80c6f846\" value=\"3 mois\" required class=\"round\"\/><label for=\"radio-3-mois-80c6f846\">3 months<\/label><br\/><input type=\"radio\" id=\"radio-6-mois-80c6f846\" name=\"80c6f846\" value=\"6 mois\" required class=\"round\"\/><label for=\"radio-6-mois-80c6f846\">6 months<\/label><br\/><input type=\"radio\" id=\"radio-1-an-80c6f846\" name=\"80c6f846\" value=\"1 an\" required class=\"round\"\/><label for=\"radio-1-an-80c6f846\">1 year<\/label><br\/><input type=\"radio\" id=\"radio-flexible-80c6f846\" name=\"80c6f846\" value=\"Flexible\" required class=\"round\"\/><label for=\"radio-flexible-80c6f846\">Flexible<\/label><br\/><\/div>\n\n\n\n<div class=\"wp-block-uagb-forms-name uagb-forms-name-wrap uagb-forms-field-set uagb-block-8bca7137\"><div class=\"uagb-forms-name-label required uagb-forms-input-label\" id=\"8bca7137\">Subject<\/div><input type=\"text\" placeholder=\"\" required class=\"uagb-forms-name-input uagb-forms-input\" name=\"8bca7137\" autocomplete=\"off\"\/><\/div>\n\n\n\n<div class=\"wp-block-uagb-forms-textarea uagb-forms-textarea-wrap uagb-forms-field-set uagb-block-3f2283f7\"><div class=\"uagb-forms-textarea-label required uagb-forms-input-label\" id=\"3f2283f7\">Message<\/div><textarea required class=\"uagb-forms-textarea-input uagb-forms-input\" rows=\"4\" placeholder=\"Add your message\" name=\"3f2283f7\" autocomplete=\"off\"><\/textarea><\/div>\n<div class=\"uagb-forms-form-hidden-data\"><input type=\"hidden\" class=\"uagb_forms_form_label\" value=\"Formulaire Spectra\"\/><input type=\"hidden\" class=\"uagb_forms_form_id\" value=\"uagb-form-4cc15597\"\/><\/div><div class=\"uagb-form-reacaptcha-error-4cc15597\"><\/div><div class=\"uagb-forms-main-submit-button-wrap wp-block-button\"><button class=\"uagb-forms-main-submit-button wp-block-button__link\"><div class=\"uagb-forms-main-submit-button-text\">Submit<\/div><\/button><\/div><input type=\"hidden\" name=\"trp-form-language\" value=\"en\"\/><\/form><div class=\"uagb-forms-success-message-4cc15597 uagb-forms-submit-message-hide\"><span>Your request has been sent!<\/span><\/div><div class=\"uagb-forms-failed-message-4cc15597 uagb-forms-submit-message-hide\"><span>An error occurred while submitting the form. Please double-check all fields on the form.<\/span><\/div><\/div>\n\n\n\n<p><\/p>","protected":false},"excerpt":{"rendered":"<p>Abonnements Envie d&rsquo;am\u00e9liorer le bien-\u00eatre de vos collaborateurs? Faites livrer des fleurs et des plantes au si\u00e8ge de votre entreprise avec notre abonnements! Gladys fleurs vous propose des abonnements suivantes: Formulaire demande d&rsquo;abonnement<\/p>","protected":false},"author":1,"featured_media":0,"parent":0,"menu_order":0,"comment_status":"closed","ping_status":"closed","template":"","meta":{"_uag_custom_page_level_css":"","_monsterinsights_skip_tracking":false,"_monsterinsights_sitenote_active":false,"_monsterinsights_sitenote_note":"","_monsterinsights_sitenote_category":0,"footnotes":""},"class_list":["post-608","page","type-page","status-publish","hentry"],"aioseo_notices":[],"uagb_featured_image_src":{"full":false,"thumbnail":false,"medium":false,"medium_large":false,"large":false,"1536x1536":false,"2048x2048":false,"trp-custom-language-flag":false,"woocommerce_thumbnail":false,"woocommerce_single":false,"woocommerce_gallery_thumbnail":false},"uagb_author_info":{"display_name":"admin-gladysfleurs","author_link":"https:\/\/gladysfleurs.be\/en\/author\/admin-gladysfleurs\/"},"uagb_comment_info":0,"uagb_excerpt":"Abonnements Envie d&rsquo;am\u00e9liorer le bien-\u00eatre de vos collaborateurs? Faites livrer des fleurs et des plantes au si\u00e8ge de votre entreprise avec notre abonnements! Gladys fleurs vous propose des abonnements suivantes: Formulaire demande d&rsquo;abonnement","_links":{"self":[{"href":"https:\/\/gladysfleurs.be\/en\/wp-json\/wp\/v2\/pages\/608","targetHints":{"allow":["GET"]}}],"collection":[{"href":"https:\/\/gladysfleurs.be\/en\/wp-json\/wp\/v2\/pages"}],"about":[{"href":"https:\/\/gladysfleurs.be\/en\/wp-json\/wp\/v2\/types\/page"}],"author":[{"embeddable":true,"href":"https:\/\/gladysfleurs.be\/en\/wp-json\/wp\/v2\/users\/1"}],"replies":[{"embeddable":true,"href":"https:\/\/gladysfleurs.be\/en\/wp-json\/wp\/v2\/comments?post=608"}],"version-history":[{"count":1,"href":"https:\/\/gladysfleurs.be\/en\/wp-json\/wp\/v2\/pages\/608\/revisions"}],"predecessor-version":[{"id":854,"href":"https:\/\/gladysfleurs.be\/en\/wp-json\/wp\/v2\/pages\/608\/revisions\/854"}],"wp:attachment":[{"href":"https:\/\/gladysfleurs.be\/en\/wp-json\/wp\/v2\/media?parent=608"}],"curies":[{"name":"wp","href":"https:\/\/api.w.org\/{rel}","templated":true}]}}